{"id":7977,"date":"2025-11-02T18:51:37","date_gmt":"2025-11-02T23:51:37","guid":{"rendered":"https:\/\/unitedbodegasofamerica.net\/?page_id=7977"},"modified":"2025-11-02T18:53:48","modified_gmt":"2025-11-02T23:53:48","slug":"politica-de-privacidad","status":"publish","type":"page","link":"https:\/\/unitedbodegasofamerica.net\/es\/politica-de-privacidad\/","title":{"rendered":"Pol\u00edtica de Privacidad"},"content":{"rendered":"\t\t<div data-elementor-type=\"wp-page\" data-elementor-id=\"7977\" class=\"elementor elementor-7977\" data-elementor-post-type=\"page\">\n\t\t\t\t<div class=\"elementor-element elementor-element-94b950b e-con-full e-flex e-con e-parent\" data-id=\"94b950b\" data-element_type=\"container\" data-e-type=\"container\" data-settings=\"{&quot;background_background&quot;:&quot;classic&quot;}\">\n\t\t\t\t<div class=\"elementor-element elementor-element-a6875dd elementor-widget elementor-widget-spacer\" data-id=\"a6875dd\" data-element_type=\"widget\" data-e-type=\"widget\" data-widget_type=\"spacer.default\">\n\t\t\t\t<div class=\"elementor-widget-container\">\n\t\t\t\t\t\t\t<div class=\"elementor-spacer\">\n\t\t\t<div class=\"elementor-spacer-inner\"><\/div>\n\t\t<\/div>\n\t\t\t\t\t\t<\/div>\n\t\t\t\t<\/div>\n\t\t\t\t<div class=\"elementor-element elementor-element-1bb4d05 elementor-widget elementor-widget-heading\" data-id=\"1bb4d05\" data-element_type=\"widget\" data-e-type=\"widget\" data-widget_type=\"heading.default\">\n\t\t\t\t<div class=\"elementor-widget-container\">\n\t\t\t\t\t<h2 class=\"elementor-heading-title elementor-size-default\">Pol\u00edtica de Privacidad<\/h2>\t\t\t\t<\/div>\n\t\t\t\t<\/div>\n\t\t\t\t<div class=\"elementor-element elementor-element-d623e66 elementor-widget elementor-widget-spacer\" data-id=\"d623e66\" data-element_type=\"widget\" data-e-type=\"widget\" data-widget_type=\"spacer.default\">\n\t\t\t\t<div class=\"elementor-widget-container\">\n\t\t\t\t\t\t\t<div class=\"elementor-spacer\">\n\t\t\t<div class=\"elementor-spacer-inner\"><\/div>\n\t\t<\/div>\n\t\t\t\t\t\t<\/div>\n\t\t\t\t<\/div>\n\t\t\t\t<\/div>\n\t\t<div class=\"elementor-element elementor-element-2d470560 e-flex e-con-boxed e-con e-parent\" data-id=\"2d470560\" data-element_type=\"container\" data-e-type=\"container\">\n\t\t\t\t\t<div class=\"e-con-inner\">\n\t\t\t\t<div class=\"elementor-element elementor-element-d0ef596 elementor-widget elementor-widget-spacer\" data-id=\"d0ef596\" data-element_type=\"widget\" data-e-type=\"widget\" data-widget_type=\"spacer.default\">\n\t\t\t\t<div class=\"elementor-widget-container\">\n\t\t\t\t\t\t\t<div class=\"elementor-spacer\">\n\t\t\t<div class=\"elementor-spacer-inner\"><\/div>\n\t\t<\/div>\n\t\t\t\t\t\t<\/div>\n\t\t\t\t<\/div>\n\t\t\t\t<div class=\"elementor-element elementor-element-7566c53d elementor-widget elementor-widget-text-editor\" data-id=\"7566c53d\" data-element_type=\"widget\" data-e-type=\"widget\" data-widget_type=\"text-editor.default\">\n\t\t\t\t<div class=\"elementor-widget-container\">\n\t\t\t\t\t\t\t\t\t<h3 data-start=\"422\" data-end=\"445\"><strong data-start=\"426\" data-end=\"445\">1. Introducci\u00f3n<\/strong><\/h3><p data-start=\"447\" data-end=\"903\">United Bodegas of America, Inc. (\u201cUBA\u201d, \u201cnosotros\u201d o \u201cnuestra organizaci\u00f3n\u201d), con sede en la Ciudad de Nueva York, se compromete a proteger la privacidad de los visitantes de nuestro sitio web <strong data-start=\"640\" data-end=\"674\"><a class=\"decorated-link\" href=\"http:\/\/www.unitedbodegasofamerica.net\" target=\"_new\" rel=\"noopener\" data-start=\"642\" data-end=\"672\">www.unitedbodegasofamerica.net<\/a><\/strong> (el \u201cSitio\u201d). Esta Pol\u00edtica de Privacidad describe c\u00f3mo recopilamos, utilizamos, protegemos y compartimos la informaci\u00f3n personal que usted nos proporciona o que recopilamos autom\u00e1ticamente cuando accede o utiliza nuestro Sitio.<\/p><p data-start=\"905\" data-end=\"1069\">Al utilizar este Sitio, usted acepta los t\u00e9rminos de esta Pol\u00edtica de Privacidad. Si no est\u00e1 de acuerdo con sus disposiciones, le recomendamos no utilizar el Sitio.<\/p><hr data-start=\"1071\" data-end=\"1074\" \/><h3 data-start=\"1076\" data-end=\"1114\"><strong data-start=\"1080\" data-end=\"1114\">2. Informaci\u00f3n que recopilamos<\/strong><\/h3><p data-start=\"1116\" data-end=\"1155\">Recopilamos informaci\u00f3n de dos maneras:<\/p><h4 data-start=\"1157\" data-end=\"1210\"><strong data-start=\"1162\" data-end=\"1210\">a) Informaci\u00f3n proporcionada voluntariamente<\/strong><\/h4><p data-start=\"1211\" data-end=\"1331\">Podemos recopilar informaci\u00f3n personal que usted nos proporciona directamente a trav\u00e9s de formularios en el Sitio, como:<\/p><ul data-start=\"1332\" data-end=\"1699\"><li data-start=\"1332\" data-end=\"1404\"><p data-start=\"1334\" data-end=\"1404\">Nombre, apellido y datos de contacto (correo electr\u00f3nico, tel\u00e9fono).<\/p><\/li><li data-start=\"1405\" data-end=\"1447\"><p data-start=\"1407\" data-end=\"1447\">Informaci\u00f3n de afiliaci\u00f3n o membres\u00eda.<\/p><\/li><li data-start=\"1448\" data-end=\"1612\"><p data-start=\"1450\" data-end=\"1612\">Datos de donaciones o contribuciones (sin incluir informaci\u00f3n financiera sensible como n\u00fameros de tarjeta, que son procesados por proveedores externos seguros).<\/p><\/li><li data-start=\"1613\" data-end=\"1699\"><p data-start=\"1615\" data-end=\"1699\">Mensajes o consultas enviados mediante formularios de contacto o correo electr\u00f3nico.<\/p><\/li><\/ul><h4 data-start=\"1701\" data-end=\"1751\"><strong data-start=\"1706\" data-end=\"1751\">b) Informaci\u00f3n recopilada autom\u00e1ticamente<\/strong><\/h4><p data-start=\"1752\" data-end=\"1887\">Cuando usted visita nuestro Sitio, podemos recopilar autom\u00e1ticamente cierta informaci\u00f3n mediante cookies y tecnolog\u00edas similares, como:<\/p><ul data-start=\"1888\" data-end=\"2023\"><li data-start=\"1888\" data-end=\"1905\"><p data-start=\"1890\" data-end=\"1905\">Direcci\u00f3n IP.<\/p><\/li><li data-start=\"1906\" data-end=\"1948\"><p data-start=\"1908\" data-end=\"1948\">Tipo de navegador y sistema operativo.<\/p><\/li><li data-start=\"1949\" data-end=\"1995\"><p data-start=\"1951\" data-end=\"1995\">P\u00e1ginas visitadas y tiempo de permanencia.<\/p><\/li><li data-start=\"1996\" data-end=\"2023\"><p data-start=\"1998\" data-end=\"2023\">Fecha y hora de acceso.<\/p><\/li><\/ul><p data-start=\"2025\" data-end=\"2130\">Esta informaci\u00f3n se utiliza con fines estad\u00edsticos y para mejorar la funcionalidad y seguridad del Sitio.<\/p><hr data-start=\"2132\" data-end=\"2135\" \/><h3 data-start=\"2137\" data-end=\"2169\"><strong data-start=\"2141\" data-end=\"2169\">3. Uso de la informaci\u00f3n<\/strong><\/h3><p data-start=\"2171\" data-end=\"2213\">La informaci\u00f3n recopilada se utiliza para:<\/p><ul data-start=\"2214\" data-end=\"2550\"><li data-start=\"2214\" data-end=\"2290\"><p data-start=\"2216\" data-end=\"2290\">Gestionar la comunicaci\u00f3n con nuestros miembros, afiliados y visitantes.<\/p><\/li><li data-start=\"2291\" data-end=\"2341\"><p data-start=\"2293\" data-end=\"2341\">Procesar solicitudes de afiliaci\u00f3n o contacto.<\/p><\/li><li data-start=\"2342\" data-end=\"2421\"><p data-start=\"2344\" data-end=\"2421\">Difundir noticias, campa\u00f1as y actualizaciones sobre las actividades de UBA.<\/p><\/li><li data-start=\"2422\" data-end=\"2488\"><p data-start=\"2424\" data-end=\"2488\">Mejorar el contenido y la experiencia del usuario en el Sitio.<\/p><\/li><li data-start=\"2489\" data-end=\"2550\"><p data-start=\"2491\" data-end=\"2550\">Cumplir con obligaciones legales o regulatorias aplicables.<\/p><\/li><\/ul><p data-start=\"2552\" data-end=\"2649\">UBA <strong data-start=\"2556\" data-end=\"2589\">no vende, alquila ni comparte<\/strong> su informaci\u00f3n personal con terceros con fines comerciales.<\/p><hr data-start=\"2651\" data-end=\"2654\" \/><h3 data-start=\"2656\" data-end=\"2707\"><strong data-start=\"2660\" data-end=\"2707\">4. Compartici\u00f3n de informaci\u00f3n con terceros<\/strong><\/h3><p data-start=\"2709\" data-end=\"2777\">Podemos compartir su informaci\u00f3n \u00fanicamente en los siguientes casos:<\/p><ul data-start=\"2778\" data-end=\"3235\"><li data-start=\"2778\" data-end=\"2976\"><p data-start=\"2780\" data-end=\"2976\"><strong data-start=\"2780\" data-end=\"2809\">Proveedores de servicios:<\/strong> empresas que nos ayudan con la operaci\u00f3n del Sitio (por ejemplo, alojamiento web, correo electr\u00f3nico, gesti\u00f3n de bases de datos), bajo acuerdos de confidencialidad.<\/p><\/li><li data-start=\"2977\" data-end=\"3109\"><p data-start=\"2979\" data-end=\"3109\"><strong data-start=\"2979\" data-end=\"3002\">Requisitos legales:<\/strong> cuando sea necesario para cumplir con una orden judicial, requerimiento legal o autoridad gubernamental.<\/p><\/li><li data-start=\"3110\" data-end=\"3235\"><p data-start=\"3112\" data-end=\"3235\"><strong data-start=\"3112\" data-end=\"3139\">Protecci\u00f3n de derechos:<\/strong> para proteger los derechos, la seguridad o la propiedad de UBA, nuestros miembros o el p\u00fablico.<\/p><\/li><\/ul><hr data-start=\"3237\" data-end=\"3240\" \/><h3 data-start=\"3242\" data-end=\"3280\"><strong data-start=\"3246\" data-end=\"3280\">5. Seguridad de la informaci\u00f3n<\/strong><\/h3><p data-start=\"3282\" data-end=\"3552\">Implementamos medidas t\u00e9cnicas y organizativas razonables para proteger su informaci\u00f3n personal contra el acceso no autorizado, p\u00e9rdida o uso indebido. Sin embargo, ning\u00fan sistema de transmisi\u00f3n o almacenamiento de datos por Internet puede garantizar seguridad absoluta.<\/p><hr data-start=\"3554\" data-end=\"3557\" \/><h3 data-start=\"3559\" data-end=\"3595\"><strong data-start=\"3563\" data-end=\"3595\">6. Conservaci\u00f3n de los datos<\/strong><\/h3><p data-start=\"3597\" data-end=\"3784\">Conservamos su informaci\u00f3n personal \u00fanicamente durante el tiempo necesario para cumplir con los fines para los que fue recopilada, salvo que la ley requiera un per\u00edodo mayor de retenci\u00f3n.<\/p><hr data-start=\"3786\" data-end=\"3789\" \/><h3 data-start=\"3791\" data-end=\"3822\"><strong data-start=\"3795\" data-end=\"3822\">7. Derechos del usuario<\/strong><\/h3><p data-start=\"3824\" data-end=\"4049\">De acuerdo con la legislaci\u00f3n de privacidad aplicable (incluidas las leyes del Estado de Nueva York y, en su caso, el Reglamento General de Protecci\u00f3n de Datos \u2013RGPD\u2013 para usuarios en la Uni\u00f3n Europea), usted tiene derecho a:<\/p><ul data-start=\"4050\" data-end=\"4319\"><li data-start=\"4050\" data-end=\"4115\"><p data-start=\"4052\" data-end=\"4115\">Acceder a la informaci\u00f3n personal que mantenemos sobre usted.<\/p><\/li><li data-start=\"4116\" data-end=\"4179\"><p data-start=\"4118\" data-end=\"4179\">Solicitar la correcci\u00f3n o eliminaci\u00f3n de dicha informaci\u00f3n.<\/p><\/li><li data-start=\"4180\" data-end=\"4240\"><p data-start=\"4182\" data-end=\"4240\">Retirar su consentimiento al procesamiento de sus datos.<\/p><\/li><li data-start=\"4241\" data-end=\"4319\"><p data-start=\"4243\" data-end=\"4319\">Solicitar que no se le env\u00eden comunicaciones informativas o promocionales.<\/p><\/li><\/ul><p data-start=\"4321\" data-end=\"4405\">Puede ejercer estos derechos escribiendo a:<br data-start=\"4364\" data-end=\"4367\" \/>\ud83d\udce7 <strong data-start=\"4370\" data-end=\"4405\"><a class=\"decorated-link cursor-pointer\" rel=\"noopener\" data-start=\"4372\" data-end=\"4403\">info@unitedbodegasofamerica.net<\/a><\/strong><\/p><hr data-start=\"4407\" data-end=\"4410\" \/><h3 data-start=\"4412\" data-end=\"4448\"><strong data-start=\"4416\" data-end=\"4448\">8. Enlaces a sitios externos<\/strong><\/h3><p data-start=\"4450\" data-end=\"4692\">Nuestro Sitio puede contener enlaces a sitios web de terceros. UBA no se hace responsable de las pr\u00e1cticas de privacidad ni del contenido de dichos sitios externos. Le recomendamos revisar las pol\u00edticas de privacidad de cada sitio que visite.<\/p><hr data-start=\"4694\" data-end=\"4697\" \/><h3 data-start=\"4699\" data-end=\"4717\"><strong data-start=\"4703\" data-end=\"4717\">9. Cookies<\/strong><\/h3><p data-start=\"4719\" data-end=\"4964\">Utilizamos cookies para mejorar su experiencia de navegaci\u00f3n y analizar el tr\u00e1fico del Sitio. Puede configurar su navegador para rechazar cookies o para ser notificado cuando se env\u00eden, aunque algunas funciones del Sitio podr\u00edan verse limitadas.<\/p><hr data-start=\"4966\" data-end=\"4969\" \/><h3 data-start=\"4971\" data-end=\"5004\"><strong data-start=\"4975\" data-end=\"5004\">10. Privacidad de menores<\/strong><\/h3><p data-start=\"5006\" data-end=\"5229\">El Sitio no est\u00e1 dirigido a menores de 16 a\u00f1os, y no recopilamos intencionalmente informaci\u00f3n personal de ellos. Si usted cree que un menor nos ha proporcionado datos personales, cont\u00e1ctenos para eliminar dicha informaci\u00f3n.<\/p><hr data-start=\"5231\" data-end=\"5234\" \/><h3 data-start=\"5236\" data-end=\"5272\"><strong data-start=\"5240\" data-end=\"5272\">11. Cambios en esta Pol\u00edtica<\/strong><\/h3><p data-start=\"5274\" data-end=\"5490\">UBA se reserva el derecho de actualizar o modificar esta Pol\u00edtica de Privacidad en cualquier momento. Las modificaciones entrar\u00e1n en vigor desde su publicaci\u00f3n en el Sitio, indicando la fecha de \u00faltima actualizaci\u00f3n.<\/p><hr data-start=\"5492\" data-end=\"5495\" \/><h3 data-start=\"5497\" data-end=\"5517\"><strong data-start=\"5501\" data-end=\"5517\">12. Contacto<\/strong><\/h3><p data-start=\"5519\" data-end=\"5647\">Si tiene preguntas o comentarios sobre esta Pol\u00edtica de Privacidad o sobre c\u00f3mo manejamos su informaci\u00f3n, puede contactarnos en:<\/p><p data-start=\"5649\" data-end=\"5833\"><strong data-start=\"5649\" data-end=\"5684\">United Bodegas of America, Inc.<\/strong><br data-start=\"5684\" data-end=\"5687\" \/>\ud83d\udccd New York, NY, Estados Unidos<br data-start=\"5718\" data-end=\"5721\" \/>\ud83d\udce7 <a class=\"decorated-link cursor-pointer\" rel=\"noopener\" data-start=\"5724\" data-end=\"5755\">info@unitedbodegasofamerica.net<\/a><br data-start=\"5755\" data-end=\"5758\" \/>\ud83c\udf10 <a class=\"decorated-link\" href=\"https:\/\/www.unitedbodegasofamerica.net\" target=\"_new\" rel=\"noopener\" data-start=\"5761\" data-end=\"5833\">www.unitedbodegasofamerica.net<\/a><\/p>\t\t\t\t\t\t\t\t<\/div>\n\t\t\t\t<\/div>\n\t\t\t\t\t<\/div>\n\t\t\t\t<\/div>\n\t\t\t\t<\/div>\n\t\t","protected":false},"excerpt":{"rendered":"<p>Pol\u00edtica de Privacidad 1. Introducci\u00f3n United Bodegas of America, Inc. (\u201cUBA\u201d, \u201cnosotros\u201d o \u201cnuestra organizaci\u00f3n\u201d), con sede en la Ciudad de Nueva York, se compromete a proteger la privacidad de los visitantes de nuestro sitio web www.unitedbodegasofamerica.net (el \u201cSitio\u201d). Esta Pol\u00edtica de Privacidad describe c\u00f3mo recopilamos, utilizamos, protegemos y compartimos la informaci\u00f3n personal que usted [&hellip;]<\/p>\n","protected":false},"author":5,"featured_media":0,"parent":0,"menu_order":0,"comment_status":"closed","ping_status":"closed","template":"elementor_header_footer","meta":{"footnotes":""},"class_list":["post-7977","page","type-page","status-publish","hentry"],"blocksy_meta":[],"_links":{"self":[{"href":"https:\/\/unitedbodegasofamerica.net\/es\/wp-json\/wp\/v2\/pages\/7977","targetHints":{"allow":["GET"]}}],"collection":[{"href":"https:\/\/unitedbodegasofamerica.net\/es\/wp-json\/wp\/v2\/pages"}],"about":[{"href":"https:\/\/unitedbodegasofamerica.net\/es\/wp-json\/wp\/v2\/types\/page"}],"author":[{"embeddable":true,"href":"https:\/\/unitedbodegasofamerica.net\/es\/wp-json\/wp\/v2\/users\/5"}],"replies":[{"embeddable":true,"href":"https:\/\/unitedbodegasofamerica.net\/es\/wp-json\/wp\/v2\/comments?post=7977"}],"version-history":[{"count":4,"href":"https:\/\/unitedbodegasofamerica.net\/es\/wp-json\/wp\/v2\/pages\/7977\/revisions"}],"predecessor-version":[{"id":7981,"href":"https:\/\/unitedbodegasofamerica.net\/es\/wp-json\/wp\/v2\/pages\/7977\/revisions\/7981"}],"wp:attachment":[{"href":"https:\/\/unitedbodegasofamerica.net\/es\/wp-json\/wp\/v2\/media?parent=7977"}],"curies":[{"name":"wp","href":"https:\/\/api.w.org\/{rel}","templated":true}]}}