{"id":7085,"date":"2020-12-17T09:16:41","date_gmt":"2020-12-17T14:16:41","guid":{"rendered":"https:\/\/unitedbodegasofamerica.net\/biography-radhames-rodriguez\/"},"modified":"2026-02-10T10:41:04","modified_gmt":"2026-02-10T15:41:04","slug":"biography-radhames-rodriguez","status":"publish","type":"page","link":"https:\/\/unitedbodegasofamerica.net\/en\/biography-radhames-rodriguez\/","title":{"rendered":"Biography Radham\u00e9s Rodr\u00edguez"},"content":{"rendered":"\t\t<div data-elementor-type=\"wp-page\" data-elementor-id=\"7085\" class=\"elementor elementor-7085 elementor-216\" data-elementor-post-type=\"page\">\n\t\t\t\t<div class=\"elementor-element elementor-element-487a387b e-con-full e-flex e-con e-parent\" data-id=\"487a387b\" data-element_type=\"container\" data-e-type=\"container\" data-settings=\"{&quot;background_background&quot;:&quot;classic&quot;}\">\n\t\t\t\t<div class=\"elementor-element elementor-element-6bb6f3a8 elementor-widget elementor-widget-spacer\" data-id=\"6bb6f3a8\" data-element_type=\"widget\" data-e-type=\"widget\" data-widget_type=\"spacer.default\">\n\t\t\t\t<div class=\"elementor-widget-container\">\n\t\t\t\t\t\t\t<div class=\"elementor-spacer\">\n\t\t\t<div class=\"elementor-spacer-inner\"><\/div>\n\t\t<\/div>\n\t\t\t\t\t\t<\/div>\n\t\t\t\t<\/div>\n\t\t\t\t<div class=\"elementor-element elementor-element-6aad52bc elementor-widget elementor-widget-heading\" data-id=\"6aad52bc\" data-element_type=\"widget\" data-e-type=\"widget\" data-widget_type=\"heading.default\">\n\t\t\t\t<div class=\"elementor-widget-container\">\n\t\t\t\t\t<h2 class=\"elementor-heading-title elementor-size-default\">Radham\u00e9s Rodr\u00edguez<\/h2>\t\t\t\t<\/div>\n\t\t\t\t<\/div>\n\t\t\t\t<div class=\"elementor-element elementor-element-62289a42 elementor-widget elementor-widget-text-editor\" data-id=\"62289a42\" data-element_type=\"widget\" data-e-type=\"widget\" data-widget_type=\"text-editor.default\">\n\t\t\t\t<div class=\"elementor-widget-container\">\n\t\t\t\t\t\t\t\t\t<p>Chairman<\/p>\t\t\t\t\t\t\t\t<\/div>\n\t\t\t\t<\/div>\n\t\t\t\t<div class=\"elementor-element elementor-element-14943f0c elementor-widget elementor-widget-spacer\" data-id=\"14943f0c\" data-element_type=\"widget\" data-e-type=\"widget\" data-widget_type=\"spacer.default\">\n\t\t\t\t<div class=\"elementor-widget-container\">\n\t\t\t\t\t\t\t<div class=\"elementor-spacer\">\n\t\t\t<div class=\"elementor-spacer-inner\"><\/div>\n\t\t<\/div>\n\t\t\t\t\t\t<\/div>\n\t\t\t\t<\/div>\n\t\t\t\t<\/div>\n\t\t<div class=\"elementor-element elementor-element-5ab38166 e-flex e-con-boxed e-con e-parent\" data-id=\"5ab38166\" data-element_type=\"container\" data-e-type=\"container\" data-settings=\"{&quot;background_background&quot;:&quot;classic&quot;}\">\n\t\t\t\t\t<div class=\"e-con-inner\">\n\t\t<div class=\"elementor-element elementor-element-37f5d49d e-con-full e-flex e-con e-child\" data-id=\"37f5d49d\" data-element_type=\"container\" data-e-type=\"container\">\n\t\t\t\t<div class=\"elementor-element elementor-element-5fc7b513 elementor-invisible elementor-widget elementor-widget-heading\" data-id=\"5fc7b513\" data-element_type=\"widget\" data-e-type=\"widget\" data-settings=\"{&quot;_animation&quot;:&quot;fadeIn&quot;}\" data-widget_type=\"heading.default\">\n\t\t\t\t<div class=\"elementor-widget-container\">\n\t\t\t\t\t<h2 class=\"elementor-heading-title elementor-size-default\">Biography<\/h2>\t\t\t\t<\/div>\n\t\t\t\t<\/div>\n\t\t\t\t<div class=\"elementor-element elementor-element-5de738ad elementor-widget elementor-widget-text-editor\" data-id=\"5de738ad\" data-element_type=\"widget\" data-e-type=\"widget\" data-widget_type=\"text-editor.default\">\n\t\t\t\t<div class=\"elementor-widget-container\">\n\t\t\t\t\t\t\t\t\t<p>Radham\u00e9s was born in May 1963 in the municipality of Los Cacaos, San Crist\u00f3bal, a beautiful mountain town in the south of the Dominican Republic. The son of farmer Pedro Rodr\u00edguez and Carmen Soto, he was taught values such as respect, honesty and hard work since he was a child, always being an example for his family. At the age of 22, he had already demonstrated his entrepreneurial vision by becoming the owner of three convinience stores in Santo Domingo, which were very successful and popular in the neighborhood, and motivated by this experience, he decided to focus his efforts on the grocery store sector.  <\/p>\t\t\t\t\t\t\t\t<\/div>\n\t\t\t\t<\/div>\n\t\t\t\t<div class=\"elementor-element elementor-element-738dcb0e elementor-widget elementor-widget-text-editor\" data-id=\"738dcb0e\" data-element_type=\"widget\" data-e-type=\"widget\" data-widget_type=\"text-editor.default\">\n\t\t\t\t<div class=\"elementor-widget-container\">\n\t\t\t\t\t\t\t\t\t<p>In 1985 he emigrated to the United States, where he continued to cultivate his entrepreneurial spirit by opening and managing several bodegas, also guiding young people in the proper management of these businesses. Radham\u00e9s has maintained his philosophy of constant effort, faith in God and pride in his Dominican roots as the pillars of his success. Currently, in addition to managing his own bodegas, he is the president of the United Bodegas of America (UBA), from where he actively works for the welfare and development of the bodega owners&#8217; community.  <\/p>\t\t\t\t\t\t\t\t<\/div>\n\t\t\t\t<\/div>\n\t\t\t\t<\/div>\n\t\t<div class=\"elementor-element elementor-element-1a584913 e-con-full e-flex e-con e-child\" data-id=\"1a584913\" data-element_type=\"container\" data-e-type=\"container\">\n\t\t\t\t<div class=\"elementor-element elementor-element-682fb4c6 elementor-widget elementor-widget-image\" data-id=\"682fb4c6\" data-element_type=\"widget\" data-e-type=\"widget\" data-widget_type=\"image.default\">\n\t\t\t\t<div class=\"elementor-widget-container\">\n\t\t\t\t\t\t\t\t\t\t\t\t\t\t\t<img fetchpriority=\"high\" decoding=\"async\" width=\"768\" height=\"768\" src=\"https:\/\/unitedbodegasofamerica.net\/wp-content\/uploads\/2025\/05\/perfilPresidente_resultado-768x768-1.webp\" class=\"attachment-large size-large wp-image-7021\" alt=\"\" srcset=\"https:\/\/unitedbodegasofamerica.net\/wp-content\/uploads\/2025\/05\/perfilPresidente_resultado-768x768-1.webp 768w, https:\/\/unitedbodegasofamerica.net\/wp-content\/uploads\/2025\/05\/perfilPresidente_resultado-768x768-1-175x175.webp 175w\" sizes=\"(max-width: 768px) 100vw, 768px\" \/>\t\t\t\t\t\t\t\t\t\t\t\t\t\t\t<\/div>\n\t\t\t\t<\/div>\n\t\t\t\t<\/div>\n\t\t\t\t\t<\/div>\n\t\t\t\t<\/div>\n\t\t\t\t<\/div>\n\t\t","protected":false},"excerpt":{"rendered":"<p>Radham\u00e9s Rodr\u00edguez Chairman Biography Radham\u00e9s was born in May 1963 in the municipality of Los Cacaos, San Crist\u00f3bal, a beautiful mountain town in the south of the Dominican Republic. The son of farmer Pedro Rodr\u00edguez and Carmen Soto, he was taught values such as respect, honesty and hard work since he was a child, always [&hellip;]<\/p>\n","protected":false},"author":4,"featured_media":6474,"parent":0,"menu_order":0,"comment_status":"closed","ping_status":"closed","template":"elementor_header_footer","meta":{"footnotes":""},"class_list":["post-7085","page","type-page","status-publish","has-post-thumbnail","hentry"],"blocksy_meta":[],"_links":{"self":[{"href":"https:\/\/unitedbodegasofamerica.net\/en\/wp-json\/wp\/v2\/pages\/7085","targetHints":{"allow":["GET"]}}],"collection":[{"href":"https:\/\/unitedbodegasofamerica.net\/en\/wp-json\/wp\/v2\/pages"}],"about":[{"href":"https:\/\/unitedbodegasofamerica.net\/en\/wp-json\/wp\/v2\/types\/page"}],"author":[{"embeddable":true,"href":"https:\/\/unitedbodegasofamerica.net\/en\/wp-json\/wp\/v2\/users\/4"}],"replies":[{"embeddable":true,"href":"https:\/\/unitedbodegasofamerica.net\/en\/wp-json\/wp\/v2\/comments?post=7085"}],"version-history":[{"count":7,"href":"https:\/\/unitedbodegasofamerica.net\/en\/wp-json\/wp\/v2\/pages\/7085\/revisions"}],"predecessor-version":[{"id":8109,"href":"https:\/\/unitedbodegasofamerica.net\/en\/wp-json\/wp\/v2\/pages\/7085\/revisions\/8109"}],"wp:featuredmedia":[{"embeddable":true,"href":"https:\/\/unitedbodegasofamerica.net\/en\/wp-json\/wp\/v2\/media\/6474"}],"wp:attachment":[{"href":"https:\/\/unitedbodegasofamerica.net\/en\/wp-json\/wp\/v2\/media?parent=7085"}],"curies":[{"name":"wp","href":"https:\/\/api.w.org\/{rel}","templated":true}]}}